{"id":6,"date":"2021-01-25T10:33:25","date_gmt":"2021-01-25T10:33:25","guid":{"rendered":"http:\/\/www.sebel.cz\/index.php\/mesmerize\/"},"modified":"2023-07-11T12:08:16","modified_gmt":"2023-07-11T12:08:16","slug":"mesmerize","status":"publish","type":"page","link":"https:\/\/www.sebel.cz\/index.php\/cs\/mesmerize\/","title":{"rendered":"hlavn\u00ed str\u00e1nka"},"content":{"rendered":"<div  data-label=\"About\" data-id=\"about--2\" data-export-id=\"about-images-right-section\" data-category=\"about\" class=\"about-images-right-section content-section content-section-spacing\" id=\"about-2\" style=\"background-color: rgb(255, 255, 255);\"><div  class=\"gridContainer\"> <div  class=\"row middle-sm text-center\"><div  class=\"col-sm-5 content-left-sm\" data-type=\"column\">  <h2  class=\"\" style=\"text-align: left;\">O N\u00c1S<\/h2> <p  class=\"\" style=\"text-align: left;\">Sebel a GE Development se v roce 1998 spojili za \u00fa\u010delem zalo\u017een\u00ed jednotn\u00e9 spole\u010dnosti zab\u00fdvaj\u00edc\u00ed se nemovitostmi.<br >Sebel s.r.o. dod\u00e1v\u00e1 integrovan\u00e9 \u0159e\u0161en\u00ed pomoci aktivn\u00edho poradenstv\u00ed, realizace a \u0159\u00edzen\u00ed, je\u017e jsou prov\u00e1d\u011bna jm\u00e9nem vlastn\u00edk\u016f\/n\u00e1jemn\u00edk\u016f, developer\u016f a investor\u016f krok za krokem v souladu s realitn\u00ed agendou a postupy.&nbsp;\r\n<br >D\u00edky m\u00edstn\u00ed \u0161irok\u00e9 s\u00edti na\u0161ich partner\u016f a kontakt\u016f m\u016f\u017eeme nab\u00eddnout na\u0161im klient\u016fm nezm\u011brn\u00e9 mno\u017estv\u00ed investi\u010dn\u00edch a developersk\u00fdch p\u0159\u00edle\u017eitost\u00ed.<br >Zp\u016fsobem na\u0161eho \u0159\u00edzen\u00ed se sna\u017e\u00edme u\u0161\u00edt slu\u017eby na m\u00edru dle p\u0159\u00e1n\u00ed z\u00e1kazn\u00edka a t\u00edm vyhov\u011bt jeho seben\u00e1ro\u010dn\u011bj\u0161\u00edm po\u017eadavk\u016fm.<br >Popt\u00e1vky jsou realizov\u00e1ny t\u00fdmem zku\u0161en\u00fdch odborn\u00edk\u016f koordinuj\u00edc\u00edch a kompletuj\u00edc\u00edch slu\u017eby v oblastech pl\u00e1nov\u00e1n\u00ed, architektury, konstrukce tak, aby kone\u010dn\u00fdm produktem bylo nejenom \u00fasp\u011b\u0161n\u00e9 dokon\u010den\u00ed zadan\u00e9ho projektu, ale i spokojenost ze strany klienta.<br >M\u016f\u017eeme nab\u00eddnout kvalifikovan\u00e9 pracovn\u00ed s\u00edly, zdroje a syst\u00e9my, je\u017e vedou v kombinaci s vysokou \u00farovn\u00ed kvality a schopnostmi k \u00fa\u010deln\u00e9mu a uskute\u010dniteln\u00e9mu \u0159e\u0161en\u00ed.<\/p> <\/div> <div  class=\"col-sm-7 space-bottom-xs\"><div  class=\"image-group-side-3-img\"> <img decoding=\"async\"  class=\"topimg shadow-large\" src=\"http:\/\/www.sebel.cz\/wp-content\/uploads\/2021\/01\/cropped-cropped-asia-04.jpg\" title=\"cropped-cropped-asia-04.jpg\" alt=\"\"> <img decoding=\"async\"  class=\"rightimg shadow-large\" src=\"http:\/\/www.sebel.cz\/wp-content\/uploads\/2021\/02\/IMG_9612-scaled.jpg\" title=\"IMG_9612\" alt=\"\"> <div  class=\"leftimg\"> <img decoding=\"async\"  class=\"shadow-large\" src=\"http:\/\/www.sebel.cz\/wp-content\/uploads\/2021\/01\/cropped-asia-01.jpg\" title=\"cropped-asia-01.jpg\" alt=\"\"><\/div> <\/div><\/div> <\/div><\/div> <\/div><div  data-label=\"Features\" data-id=\"features--1\" data-export-id=\"features-12\" data-category=\"features\" class=\"features-12 content-section content-section-spacing full-screen-section\" id=\"features-1\" style=\"background-color: rgb(245, 250, 253);\"><div  class=\"gridContainer\"> <div  class=\"row text-center\"><div  class=\"section-title-col\" data-type=\"column\"> <h2  class=\"\" style=\"text-align: left;\">SLU\u017dBY<\/h2> <\/div> <\/div> <div  class=\"row spaced-cols\" data-type=\"row\"> <div  class=\"col-sm-6\"> <div  class=\"row space-bottom\"> <div  class=\"col-sm-fit icon-column\"> <a data-cp-link=\"1\" href=\"#\" target=\"_self\" rel=\"noopener\"><i  class=\"fa icon fa-building bordered round color-black\"><\/i><\/a> <\/div> <div  class=\"col-sm\" data-type=\"column\"> <h5  class=\"color2\"><span  style=\"color: rgb(52, 58, 64);\">Developersk\u00e1 \u010dinnost<\/span><\/h5> <p  class=\"\" style=\"text-align: left;\">Spol\u00e9h\u00e1me na n\u00e1\u0161 t\u00fdm a s\u00ed\u0165 obhospoda\u0159uj\u00edc\u00ed m\u00edstn\u00ed \u0161k\u00e1lu kontakt\u016f s c\u00edlem vyty\u010dit atraktivn\u00ed investi\u010dn\u00ed a developersk\u00e9 mo\u017enosti a p\u0159\u00edle\u017eitosti. Vzhledem ke zhodnocen\u00ed a progn\u00f3ze podm\u00ednek podnikatelsk\u00e9ho prost\u0159ed\u00ed v oblasti nemovitost\u00ed jsme schopni poskytnout cenn\u00e9 rady a informace, a to i v oblasti aplikace vlastnick\u00e9 analytick\u00e9 metodiky po\u010d\u00edtaj\u00edc\u00ed s rizikem a odplatou. Jsme kvalifikov\u00e1ni ve v\u0161ech sm\u011brech v oblasti realit.\r\n<\/p><p  class=\"\" style=\"text-align: left;\">Na\u0161e slu\u017eby zahrnuj\u00ed:\r\n<br ><br >\u2013 Pr\u016fzkum, strategick\u00fd p\u0159ehled majetku\r\n<br >\u2013 Studii proveditelnosti a strategick\u00e9 poradenstv\u00ed\r\n<br >\u2013 N\u00e1le\u017eitou povinnou p\u00e9\u010di a finan\u010dn\u00ed \u010dinnost\r\n<br >\u2013 Orienta\u010dn\u00ed model cashflow\r\n<br >\u2013 \u0158\u00edzen\u00ed rizik\r\n<br >\u2013 Ocen\u011bn\u00ed pro \u00fa\u010dely zaji\u0161t\u011bn\u00ed \u00fav\u011bru\r\n<br >\u2013 Soukrom\u00e9 investice do nemovitosti\r\n<br >\u2013 Investice do st\u00e1tn\u00edho majetku a cenn\u00fdch pap\u00edr\u016f<\/p><\/div> <\/div><\/div> <div  class=\"col-sm-6\"><div  class=\"row space-bottom\"> <div  class=\"col-sm-fit icon-column\"><a data-cp-link=\"1\" href=\"#\" target=\"_self\" rel=\"noopener\"><i  class=\"fa icon fa-pencil-square-o bordered round color-black\"><\/i><\/a><\/div> <div  class=\"col-sm\" data-type=\"column\"> <h5  class=\"color2\"><span  style=\"color: rgb(52, 58, 64);\">Projekty a realizace<\/span><span  id=\"_mce_caret\" data-mce-bogus=\"1\" data-mce-type=\"format-caret\"><span  style=\"color: rgb(52, 58, 64);\">\ufeff<\/span><\/span><\/h5><p  class=\"\" style=\"text-align: left;\">Nab\u00edz\u00edme \u0161irokou \u0161k\u00e1lu slu\u017eeb oslovuj\u00edc\u00ed v\u0161echny aspekty z oblasti developmentu, konstrukce, rekonstrukce \u2013 opravy a obsazenosti nemovitost\u00ed. \u0158\u00edd\u00edme pl\u00e1nov\u00e1n\u00ed a proveden\u00ed obytn\u00fdch, kancel\u00e1\u0159sk\u00fdch a pr\u016fmyslov\u00fdch za\u0159\u00edzen\u00ed. N\u00e1\u0161 profesion\u00e1ln\u00ed t\u00fdm zajist\u00ed odborn\u00e9 \u0159e\u0161en\u00ed d\u00edky know-how a zku\u0161enostem, jimi\u017e disponuj\u00ed.<br >\r\n<br >Na\u0161e slu\u017eby zahrnuj\u00ed:\r\n<br ><br >\r\n\u2013 Architektonick\u00e9 studie\r\n<br >\u2013 Pl\u00e1nov\u00e1n\u00ed projekt\u016f, veden\u00ed stavebn\u00edho \u0159\u00edzen\u00ed\r\n<br >\u2013 P\u0159\u00edprava stavebn\u00ed zak\u00e1zky\r\n<br >\u2013 N\u00e1vrh stavebn\u00ed zak\u00e1zky (projek\u010dn\u00ed \u010dinnost)\r\n<br >\u2013 Smluvn\u00ed zprost\u0159edkov\u00e1n\u00ed\r\n<br >\u2013 Realizace stavby\r\n<br >\u2013 Stavebn\u00ed dozor\r\n<br >\u2013 Uzav\u0159en\u00ed projektu a n\u00e1sledn\u00e1 klientsk\u00e1 p\u00e9\u010de\r\n<br >\u2013 Z\u00e1ru\u010dn\u00ed servis<br >\r\n<\/p><\/div> <\/div><\/div> <div  class=\"col-sm-6\"><div  class=\"row space-bottom\"> <div  class=\"col-sm-fit icon-column\"><i  class=\"fa icon fa-handshake-o bordered round color-black\"><\/i><\/div> <div  class=\"col-sm\" data-type=\"column\"><h5  class=\"color2\"><span  style=\"color: rgb(52, 58, 64);\">Poradenstv\u00ed v oblasti nemovitost\u00ed<\/span><\/h5> <p  class=\"\" style=\"text-align: left;\">Zvl\u00e1d\u00e1me v\u0161echny aspekty chodu realitn\u00ed kancel\u00e1\u0159e, rozvoje a poradenstv\u00ed. Jsme z\u00e1stupci jak pro \u010deskou, tak zahrani\u010dn\u00ed klientelu.\r\n<br >N\u00e1\u0161 t\u00fdm je tvo\u0159en vysoce kvalifikovan\u00fdmi pracovn\u00edky a specializuje se na konkuren\u010dn\u00ed tr\u017en\u00ed sektory d\u00edky z\u00edskan\u00fdm zku\u0161enostem a nav\u00e1zan\u00fdm kontakt\u016fm m\u016f\u017eeme rychle a kvalitn\u011b dos\u00e1hnout v\u00fdsledku.\r\n<br ><br >Na\u0161e slu\u017eby zahrnuj\u00ed:\r\n<br >\r\n<br >\u2013 Anal\u00fdzu tr\u017en\u00edch p\u0159\u00edle\u017eitost\u00ed\r\n<br >\u2013 Rozvojov\u00e9 strategie a realiza\u010dn\u00ed studie<br >\u2013 Pron\u00e1jmy, prodej a koup\u011b\r\n<br >\u2013 Ocen\u011bn\u00ed a znaleck\u00e9 posudky nemovitost\u00ed\r\n<br >\u2013 Investi\u010dn\u00ed poradenstv\u00ed\r\n<br >\u2013 Zastupov\u00e1n\u00ed pronaj\u00edmatele a n\u00e1jemce&nbsp;\r\n<br >\u2013 Podpora a asistence ve v\u011bcech finan\u010dn\u00edch a pr\u00e1vn\u00edch\r\n<br >\u2013 Anal\u00fdzu vyu\u017eit\u00ed prost\u0159edk\u016f<\/p><\/div> <\/div><\/div>  <div  class=\"col-sm-6\"> <div  class=\"row space-bottom\"> <div  class=\"col-sm-fit icon-column\"> <a data-cp-link=\"1\" href=\"#\" target=\"_self\" rel=\"noopener\"><i  class=\"fa icon fa-wrench bordered round color-black\"><\/i><\/a> <\/div> <div  class=\"col-sm\" data-type=\"column\"> <h5  class=\"color2\"><span  style=\"color: rgb(52, 58, 64);\">Spr\u00e1va nemovitost\u00ed<\/span><\/h5> <p  class=\"\" style=\"text-align: left;\">V oblasti spr\u00e1vy nemovitost\u00ed poskytujeme komplexn\u00ed slu\u017eby pro majitele nemovitost\u00ed i pro potencion\u00e1ln\u00ed investory \u010di instituce. Na\u0161\u00edm c\u00edlem je zhodnocen\u00ed nemovitosti klienta prost\u0159ednictv\u00edm ka\u017edodenn\u00edho aktivn\u00edho \u0159\u00edzen\u00ed, je\u017e je zam\u011b\u0159eno na zaji\u0161t\u011bn\u00ed vysok\u00e9 obsazenosti objektu, spokojenosti klienta a z\u00e1rove\u0148 na sni\u017eov\u00e1n\u00ed n\u00e1klad\u016f souvisej\u00edc\u00ed s \u00fadr\u017ebou a spr\u00e1vou nemovitosti. Zaji\u0161\u0165ujeme veden\u00ed \u00fa\u010detnictv\u00ed, rozpo\u010dtov\u00e1n\u00ed n\u00e1klad\u016f a dohled, provozn\u00ed in\u017een\u00fdrstv\u00ed, n\u00e1bor zam\u011bstnanc\u016f.\r\n<br ><br >Na\u0161e slu\u017eby zahrnuj\u00ed:\r\n<br ><br >\u2013 Komplexn\u00ed zaji\u0161t\u011bn\u00ed pron\u00e1jmu prostor\r\n<br >\u2013 P\u0159edpis n\u00e1jemn\u00e9ho a \u00fahrad za slu\u017eby\r\n<br >\u2013 V\u00fdb\u011br a kontrola \u00fahrad n\u00e1jemn\u00e9ho\r\n<br >\u2013 Vyhodnocen\u00ed provozn\u00edch n\u00e1klad\u016f\r\n<br >\u2013 Help line 24 hodin\r\n<br >\u2013 Poji\u0161t\u011bn\u00ed, da\u0148ov\u00e1 p\u0159izn\u00e1n\u00ed, z\u00e1ruky, vym\u00e1h\u00e1n\u00ed n\u00e1rok\u016f\r\n<br >\u2013 Sch\u016fze spole\u010denstv\u00ed vlastn\u00edk\u016f\r\n<br ><br >Facility Management\r\n<br ><br >Nab\u00edz\u00edme kompletn\u00ed slu\u017eby v oblasti Facility managementu v\u010detn\u011b provozn\u00edho \u0159\u00edzen\u00ed (slu\u017eby souvisej\u00edc\u00ed s p\u0159\u00edslu\u0161enstv\u00edm objektu, \u00fadr\u017eba, konstrukce, pravideln\u00e9 kontroly a servis).\r\n<br ><br >Na\u0161e slu\u017eby zahrnuj\u00ed:\r\n<br ><br >\u2013 \u00dadr\u017eba \u2013 revize za\u0159\u00edzen\u00ed: elektrika, sv\u011btla, v\u00fdtahy\r\n<br >\u2013 Voda, plyn, klimatizace\r\n<br >\u2013 Ostraha, bezpe\u010dnost, \u00faklid, \u00fadr\u017eba zelen\u011b\r\n<br >\u2013 N\u00e1kup a investi\u010dn\u00ed pl\u00e1nov\u00e1n\u00ed<\/p><\/div> <\/div><\/div><\/div><\/div> <\/div><div  data-label=\"About\" data-id=\"about--3\" data-export-id=\"about-9\" data-category=\"about\" class=\"about-9 content-section content-section-spacing\" id=\"about-3\" style=\"background-color: rgb(255, 255, 255);\"><div  class=\"gridContainer\"> <div  class=\"row middle-sm text-center\"><div  class=\"col-sm-5 space-bottom-xs content-column content-right-sm\" data-type=\"column\">  <h2  class=\"\" style=\"text-align: left;\">REFERENCE&nbsp; &nbsp; &nbsp; &nbsp; &nbsp; &nbsp; &nbsp; &nbsp; &nbsp; &nbsp; &nbsp; &nbsp; &nbsp;<\/h2>  <\/div> <div  class=\"col-sm-7 flexbox flexbox middle-xs center-xs space-bottom-xs\"><div  class=\"overlay-box flexbox middle-xs center-xs overlay-holder \"> <div  class=\"overlay-box-offset offset-background shadow-medium bg-color2 hide-xs\"><\/div> <img decoding=\"async\"  class=\"flexbox shadow-large img1\" src=\"http:\/\/www.sebel.cz\/wp-content\/uploads\/2021\/01\/references_.png\" data-size=\"600x400\" title=\"references_\" alt=\"\"><\/div> <\/div><\/div> <\/div><\/div><div  data-label=\"Contact\" data-id=\"contact--1\" data-export-id=\"contact-1\" data-category=\"contact\" class=\"contact-1 content-section content-section-spacing white-text full-screen-section\" data-parallax-depth=\"20\" id=\"contact-1\" style=\"background-color: rgb(245, 250, 253); background-size: cover; background-position: center top; background-image: url(&quot;http:\/\/www.sebel.cz\/wp-content\/uploads\/2021\/02\/IMG_9612-scaled.jpg&quot;);\"><div  class=\"gridContainer\"> <div  class=\"row text-center\"><div  class=\"section-title-col\" data-type=\"column\"> <h2  class=\"\" style=\"text-align: left;\">Kontakty<\/h2> <p  class=\"lead\" style=\"text-align: left;\">Sebel Development<br >Bubene\u010dsk\u00e1 5, 160 00 Praha 6<br >\u010cesk\u00e1 republika\r\n<br >&nbsp;+420 224 813 644\r\n<br >office@sebel.cz\r\n<\/p><\/div> <\/div> <div  class=\"row text-center\"> <div  class=\"col-xs-12 col-sm-8 col-sm-offset-2 contact-form-wrapper inline-info\"> <div  class=\"card large-padding\"> <div  class=\"\" data-content-shortcode=\"mesmerize_contact_form shortcode=&quot;wpforms id=&amp;amp;quot;369&amp;amp;quot;&quot;\" data-editable=\"true\"><div class=\"wpforms-container wpforms-container-full\" id=\"wpforms-369\"><form id=\"wpforms-form-369\" class=\"wpforms-validate wpforms-form\" data-formid=\"369\" method=\"post\" enctype=\"multipart\/form-data\" action=\"\/index.php\/wp-json\/wp\/v2\/pages\/6\" data-token=\"6220c85f23a2b290f42cf4b31740c4dc\" data-token-time=\"1777129091\"><noscript class=\"wpforms-error-noscript\">Chcete-li vyplnit tento formul\u00e1\u0159, pros\u00edm povolte v prohl\u00ed\u017ee\u010di JavaScript.<\/noscript><div class=\"wpforms-field-container\"><div id=\"wpforms-369-field_0-container\" class=\"wpforms-field wpforms-field-name\" data-field-id=\"0\"><label class=\"wpforms-field-label\" for=\"wpforms-369-field_0\">Jm\u00e9no <span class=\"wpforms-required-label\">*<\/span><\/label><input type=\"text\" id=\"wpforms-369-field_0\" class=\"wpforms-field-medium wpforms-field-required\" name=\"wpforms[fields][0]\" required><\/div><div id=\"wpforms-369-field_1-container\" class=\"wpforms-field wpforms-field-email\" data-field-id=\"1\"><label class=\"wpforms-field-label\" for=\"wpforms-369-field_1\">E-mail <span class=\"wpforms-required-label\">*<\/span><\/label><input type=\"email\" id=\"wpforms-369-field_1\" class=\"wpforms-field-medium wpforms-field-required\" name=\"wpforms[fields][1]\" spellcheck=\"false\" required><\/div><div id=\"wpforms-369-field_2-container\" class=\"wpforms-field wpforms-field-textarea\" data-field-id=\"2\"><label class=\"wpforms-field-label\" for=\"wpforms-369-field_2\">Zpr\u00e1va <span class=\"wpforms-required-label\">*<\/span><\/label><textarea id=\"wpforms-369-field_2\" class=\"wpforms-field-medium wpforms-field-required\" name=\"wpforms[fields][2]\" required><\/textarea><\/div><\/div><!-- .wpforms-field-container --><div class=\"wpforms-recaptcha-container wpforms-is-recaptcha wpforms-is-recaptcha-type-v2\" ><div class=\"g-recaptcha\" data-sitekey=\"6Lc34IwkAAAAALYLd15ohLPlJid_ZoYin_nxvw0o\"><\/div><input type=\"text\" name=\"g-recaptcha-hidden\" class=\"wpforms-recaptcha-hidden\" style=\"position:absolute!important;clip:rect(0,0,0,0)!important;height:1px!important;width:1px!important;border:0!important;overflow:hidden!important;padding:0!important;margin:0!important;\" data-rule-recaptcha=\"1\"><\/div><div class=\"wpforms-submit-container\" ><input type=\"hidden\" name=\"wpforms[id]\" value=\"369\"><input type=\"hidden\" name=\"page_title\" value=\"\"><input type=\"hidden\" name=\"page_url\" value=\"https:\/\/www.sebel.cz\/index.php\/wp-json\/wp\/v2\/pages\/6\"><input type=\"hidden\" name=\"url_referer\" value=\"\"><button type=\"submit\" name=\"wpforms[submit]\" id=\"wpforms-submit-369\" class=\"wpforms-submit\" data-alt-text=\"Odes\u00edl\u00e1ni...\" data-submit-text=\"Odeslat\" aria-live=\"assertive\" value=\"wpforms-submit\">Odeslat<\/button><\/div><\/form><\/div>  <!-- .wpforms-container --><\/div><\/div> <\/div><\/div> <\/div><\/div>","protected":false},"excerpt":{"rendered":"<p>O N\u00c1S Sebel a GE Development se v roce 1998 spojili za \u00fa\u010delem zalo\u017een\u00ed jednotn\u00e9 spole\u010dnosti zab\u00fdvaj\u00edc\u00ed se nemovitostmi.Sebel s.r.o. dod\u00e1v\u00e1 integrovan\u00e9 \u0159e\u0161en\u00ed pomoci aktivn\u00edho poradenstv\u00ed, realizace a \u0159\u00edzen\u00ed, je\u017e jsou prov\u00e1d\u011bna jm\u00e9nem vlastn\u00edk\u016f\/n\u00e1jemn\u00edk\u016f, developer\u016f a investor\u016f krok za krokem v souladu s realitn\u00ed agendou a postupy.&nbsp; D\u00edky m\u00edstn\u00ed \u0161irok\u00e9 s\u00edti na\u0161ich partner\u016f a kontakt\u016f&hellip; <br \/> <a class=\"read-more\" href=\"https:\/\/www.sebel.cz\/index.php\/cs\/mesmerize\/\">V\u00edce<\/a><\/p>\n","protected":false},"author":1,"featured_media":0,"parent":0,"menu_order":0,"comment_status":"closed","ping_status":"closed","template":"page-templates\/homepage.php","meta":{"footnotes":""},"class_list":["post-6","page","type-page","status-publish","hentry"],"_links":{"self":[{"href":"https:\/\/www.sebel.cz\/index.php\/wp-json\/wp\/v2\/pages\/6","targetHints":{"allow":["GET"]}}],"collection":[{"href":"https:\/\/www.sebel.cz\/index.php\/wp-json\/wp\/v2\/pages"}],"about":[{"href":"https:\/\/www.sebel.cz\/index.php\/wp-json\/wp\/v2\/types\/page"}],"author":[{"embeddable":true,"href":"https:\/\/www.sebel.cz\/index.php\/wp-json\/wp\/v2\/users\/1"}],"replies":[{"embeddable":true,"href":"https:\/\/www.sebel.cz\/index.php\/wp-json\/wp\/v2\/comments?post=6"}],"version-history":[{"count":66,"href":"https:\/\/www.sebel.cz\/index.php\/wp-json\/wp\/v2\/pages\/6\/revisions"}],"predecessor-version":[{"id":487,"href":"https:\/\/www.sebel.cz\/index.php\/wp-json\/wp\/v2\/pages\/6\/revisions\/487"}],"wp:attachment":[{"href":"https:\/\/www.sebel.cz\/index.php\/wp-json\/wp\/v2\/media?parent=6"}],"curies":[{"name":"wp","href":"https:\/\/api.w.org\/{rel}","templated":true}]}}